{"id":1101,"date":"2016-04-26T20:45:43","date_gmt":"2016-04-27T00:45:43","guid":{"rendered":"https:\/\/foug.ca\/about-foug\/"},"modified":"2021-02-16T16:44:02","modified_gmt":"2021-02-16T21:44:02","slug":"about-jacinthe","status":"publish","type":"page","link":"https:\/\/foug.ca\/en\/about-jacinthe\/","title":{"rendered":"About Jacinthe Bergevin"},"content":{"rendered":"<div class=\"wpb-content-wrapper\"><p>[vc_row][vc_column width=&#8221;1\/2&#8243; el_class=&#8221;intro&#8221;][vc_column_text]<\/p>\n<h2>About FOUG Conseils<\/h2>\n<p>Your organization operates in an increasingly complex, often fast-paced environment. FOUG will draw on Jacinthe and Sonia\u2019s expertise and their network of partners with complementary skills to help you mobilize your employees and maximize your organization\u2019s potential.[\/vc_column_text][vc_empty_space height=&#8221;50px&#8221;][\/vc_column][vc_column width=&#8221;1\/2&#8243;][vc_empty_space height=&#8221;30px&#8221;]<div class=\"quote-m quote\">\r\n    <div>Fougue is a powerful French word that means passion, enthusiasm or zeal. Jacinthe and Sonia put their own \u201cFougue\u201d to work for their clients, providing services in organizational development, appreciative inquiry and service design.<\/div>\r\n<\/div>\r\n[\/vc_column][\/vc_row][vc_row el_id=&#8221;jacinthe&#8221;][vc_column width=&#8221;1\/3&#8243;][vc_single_image image=&#8221;426&#8243; img_size=&#8221;full&#8221;][\/vc_column][vc_column width=&#8221;2\/3&#8243;][vc_empty_space height=&#8221;20px&#8221;][vc_column_text]<\/p>\n<h2>Jacinthe Bergevin, MSOD<\/h2>\n<p>[\/vc_column_text][vc_column_text]From the community sector to the upper reaches of the corporate world, Jacinthe boasts rich and unique experience, fueled by her passion for people and organizations. She learned the meaning of community, generosity and integrity at her first job as leadership trainer at the F\u00e9d\u00e9ration des \u00e9l\u00e8ves du secondaire franco-ontarien [Federation of Franco-Ontarian High School Students].<\/p>\n<p>A life-long learner, Jacinthe is constantly seeking ways to improve and finds great satisfaction in crafting the optimal approach in a given situation.<\/p>\n<p>Jacinthe knows how to go to the heart of things and simplify complex matters.[\/vc_column_text][vc_empty_space height=&#8221;20px&#8221;]<div class=\"quote-m quote\">\r\n    <div>She draws on her creativity and diligence to propose innovative avenues that are adapted to her clients\u2019 needs.<\/div>\r\n<\/div>\r\n[vc_empty_space height=&#8221;20px&#8221;][\/vc_column][\/vc_row][vc_row full_width=&#8221;stretch_row_content_no_spaces&#8221; el_class=&#8221;purple-row&#8221; el_id=&#8221;background&#8221;][vc_column][vc_row_inner el_class=&#8221;container&#8221;][vc_column_inner][vc_column_text el_class=&#8221;no-btm-margin&#8221;]<\/p>\n<h2>Professional Background<\/h2>\n<p>Jacinthe Bergevin brings more than 35 years of experience serving organizations from the private and public sectors as well as from the non-profit sector across Canada. She has taken part in large project teams where she was responsible for the implementation of change strategies. Her former employers include companies such as Deloitte &amp; Touche and Domtar.[\/vc_column_text][\/vc_column_inner][\/vc_row_inner][\/vc_column][\/vc_row][vc_row el_id=&#8221;certifications&#8221;][vc_column][vc_empty_space height=&#8221;65px&#8221;]    <div class=\"row accred-blocs\">\r\n                    <div class=\"col-sm-6 accred-bloc\" id=\"bloc_1\">\r\n                <figure class=\"bloc\">\r\n                    <div class=\"bg\" style=\"background-image: url('https:\/\/foug.ca\/wp-content\/uploads\/2016\/04\/accreditations-foug.jpg');\"><\/div>\r\n                    <div class=\"overlay\"><\/div>\r\n                    <h2>Certifications<\/h2>\r\n                <\/figure>\r\n                <div class=\"mobile-desc\">\r\n                    <div class=\"inner-bloc\">\r\n                        <div class=\"bloc-text\"><p><strong>Jacinthe is certified to use the following tools:<\/strong><\/p>\n<ul>\n<li>Barrett Values Centre :<br \/>\n\u2022 Cultural Transformation Tools<sup>\u00ae<\/sup> (CTT)<br \/>\n\u2022\u00a0Leadership Values Assessment<sup>\u00ae<\/sup> (LVA)<\/li>\n<li>Benchmarks for Executives (CCL)<\/li>\n<li>Benchmarks for Manager \u2122 \u2013 CCL<\/li>\n<li>MBTI<sup>\u00ae<\/sup><\/li>\n<li>FIRO-B<sup>\u00ae<\/sup> \/ FIRO-B Business<sup>\u00ae<\/sup><\/li>\n<li>Effective Leadership Indicators (ELI)<sup>\u00ae<\/sup> \u2013 Niagara Institute<\/li>\n<li>WorkPlace Big Five<sup>\u00ae<\/sup><\/li>\n<li>Change Style Indicator (CSI) \u2013 Discovery Learning<\/li>\n<li>The Coaching Clinic \u2013 Corporate Coach U<\/li>\n<li>Thomas-Kilmann<sup>\u00ae<\/sup><\/li>\n<\/ul>\n<\/div>\r\n                    <\/div>\r\n                <\/div>\r\n            <\/div>\r\n                    <div class=\"col-sm-6 accred-bloc\" id=\"bloc_2\">\r\n                <figure class=\"bloc\">\r\n                    <div class=\"bg\" style=\"background-image: url('https:\/\/foug.ca\/wp-content\/uploads\/2016\/04\/association-professionnelle-foug.jpg');\"><\/div>\r\n                    <div class=\"overlay\"><\/div>\r\n                    <h2>Professional associations<\/h2>\r\n                <\/figure>\r\n                <div class=\"mobile-desc\">\r\n                    <div class=\"inner-bloc\">\r\n                        <div class=\"bloc-text\"><p><strong>Jacinthe is a member of the following professional associations:<\/strong><\/p>\n<ul>\n<li>Appreciative Inquiry International Community (since 2001)<\/li>\n<li>Communaut\u00e9 de pratique francophone Qu\u00e9bec\/Canada en Enqu\u00eate appr\u00e9ciative \u2013 co-founder (since 2012)<\/li>\n<li>Association of Change Management Professionals &#8211; Qu\u00e9bec<\/li>\n<li>Centre d\u2019excellence en gestion du changement (since 2011)<\/li>\n<li>Niagara Institute (1989\u20132015)<\/li>\n<li>R\u00e9seau des conseillers en management du Qu\u00e9bec (since 2010)<\/li>\n<li>Organization Development Network of Ottawa-Outaouais (ODNOO) (1994-2010)<\/li>\n<li>R\u00e9seau DOD Qu\u00e9bec (2009-2015)<\/li>\n<li>MSOD Pepperdine Alumni Network (since 1987)<\/li>\n<\/ul>\n<\/div>\r\n                    <\/div>\r\n                <\/div>\r\n            <\/div>\r\n                <div class=\"desc\">\r\n                            <div class=\"inner-bloc\" id=\"bloc_1\">\r\n                    <div class=\"bloc-text\"><p><strong>Jacinthe is certified to use the following tools:<\/strong><\/p>\n<ul>\n<li>Barrett Values Centre :<br \/>\n\u2022 Cultural Transformation Tools<sup>\u00ae<\/sup> (CTT)<br \/>\n\u2022\u00a0Leadership Values Assessment<sup>\u00ae<\/sup> (LVA)<\/li>\n<li>Benchmarks for Executives (CCL)<\/li>\n<li>Benchmarks for Manager \u2122 \u2013 CCL<\/li>\n<li>MBTI<sup>\u00ae<\/sup><\/li>\n<li>FIRO-B<sup>\u00ae<\/sup> \/ FIRO-B Business<sup>\u00ae<\/sup><\/li>\n<li>Effective Leadership Indicators (ELI)<sup>\u00ae<\/sup> \u2013 Niagara Institute<\/li>\n<li>WorkPlace Big Five<sup>\u00ae<\/sup><\/li>\n<li>Change Style Indicator (CSI) \u2013 Discovery Learning<\/li>\n<li>The Coaching Clinic \u2013 Corporate Coach U<\/li>\n<li>Thomas-Kilmann<sup>\u00ae<\/sup><\/li>\n<\/ul>\n<\/div>\r\n                <\/div>\r\n                            <div class=\"inner-bloc\" id=\"bloc_2\">\r\n                    <div class=\"bloc-text\"><p><strong>Jacinthe is a member of the following professional associations:<\/strong><\/p>\n<ul>\n<li>Appreciative Inquiry International Community (since 2001)<\/li>\n<li>Communaut\u00e9 de pratique francophone Qu\u00e9bec\/Canada en Enqu\u00eate appr\u00e9ciative \u2013 co-founder (since 2012)<\/li>\n<li>Association of Change Management Professionals &#8211; Qu\u00e9bec<\/li>\n<li>Centre d\u2019excellence en gestion du changement (since 2011)<\/li>\n<li>Niagara Institute (1989\u20132015)<\/li>\n<li>R\u00e9seau des conseillers en management du Qu\u00e9bec (since 2010)<\/li>\n<li>Organization Development Network of Ottawa-Outaouais (ODNOO) (1994-2010)<\/li>\n<li>R\u00e9seau DOD Qu\u00e9bec (2009-2015)<\/li>\n<li>MSOD Pepperdine Alumni Network (since 1987)<\/li>\n<\/ul>\n<\/div>\r\n                <\/div>\r\n                    <\/div>\r\n    <\/div>\r\n[\/vc_column][\/vc_row][vc_row el_id=&#8221;training&#8221;][vc_column][vc_column_text]<\/p>\n<h4>Training<\/h4>\n<p>Jacinthe Bergevin holds a Master of Science in Organization Development\u00a0(MSOD) from the Pepperdine University School of Business and Management in California, and a Bachelor of Social Sciences from the University of Ottawa (honours in recreology, minor in psychology).<\/p>\n<p>In addition to her academic training, Jacinthe prioritizes continuing education, which is at the heart of her professional approach. Her openness and curiosity have taken her all over the world, both for fun and for training. This brought her to develop an international perspective of management and organizational development.[\/vc_column_text][vc_column_text]<\/p>\n<h5 style=\"text-align: left;\">Here\u2019s an overview of the workshops and conferences she has attended and places traveled in her pursuit of knowledge.<\/h5>\n<p>[\/vc_column_text][vc_row_inner el_id=&#8221;collabs&#8221;][vc_column_inner width=&#8221;1\/4&#8243;][vc_raw_html]JTNDZGl2JTNFJTNDcCUzRSUzQ2ltZyUyMHNyYyUzRCUyMmh0dHBzJTNBJTJGJTJGZm91Zy5jYSUyRndwLWNvbnRlbnQlMkZ1cGxvYWRzJTJGMjAxNiUyRjA0JTJGc3Rhci1mb3VnLXZveWFnZS5wbmclMjIlMjBhbHQlM0QlMjJmb3JtYXRpb25zJTIwRk9VRyUyMiUyRiUzRSUyMFBlcnNvbmFsJTIwVHJhdmVscyUzQyUyRnAlM0UlMEElM0NwJTNFJTNDaW1nJTIwc3JjJTNEJTIyaHR0cHMlM0ElMkYlMkZmb3VnLmNhJTJGd3AtY29udGVudCUyRnVwbG9hZHMlMkYyMDE2JTJGMDQlMkZzdGFyLWZvdWctZm9ybWF0aW9ucy5wbmclMjIlMjBhbHQlM0QlMjJmb3JtYXRpb25zJTIwRk9VRyUyMiUyRiUzRSUyMFRyYWluaW5ncyUzQyUyRnAlM0UlM0MlMkZkaXYlM0U=[\/vc_raw_html][\/vc_column_inner][vc_column_inner width=&#8221;3\/4&#8243;][vc_single_image image=&#8221;1560&#8243; img_size=&#8221;full&#8221; alignment=&#8221;center&#8221;][\/vc_column_inner][\/vc_row_inner][\/vc_column][\/vc_row][vc_row][vc_column][vc_tta_tabs active_section=&#8221;1&#8243; el_class=&#8221;purple-tab&#8221;][vc_tta_section title=&#8221;2010 to today&#8221; tab_id=&#8221;1462913222352-39ac2dbd-e560&#8243;][vc_row_inner][vc_column_inner width=&#8221;1\/2&#8243;][vc_column_text]<\/p>\n<ul>\n<li><strong><em>Positive Pivot: Appreciative Inquiry Virtual Jam<\/em><\/strong><br \/>\nOctober, 2020<\/li>\n<li><strong><em>Never Done Before Faciliation Festival<\/em><\/strong><br \/>\nGLOBAL FESTIVAL \u00b7 To Inspire Next Year&#8217;s Facilitation Trends, Organizer : Miriam Hadness, November 2020<\/li>\n<li><strong><em>Conference Exp\u00e9rience Citoyens<\/em><\/strong><br \/>\nLes Affaires, Montreal, August 2020<\/li>\n<li><strong><em>Warriors for the Human Spirit (leadership Training)<\/em><\/strong><br \/>\nMeg Wheatley,<br \/>\nongoing since 2016<\/li>\n<li><strong>Conf\u00e9rence C2-Montr\u00e9al, Commerce and creativity,<\/strong><br \/>\nMontr\u00e9al, October 2020 (Virtual), May 2019, 2018, 2017, 2016, 2015, 2014, 2013 et 2012<\/li>\n<li><strong><em>2019 World Appreciative Inquiry Conference<\/em><\/strong><br \/>\nNice, France, March 2019<\/li>\n<li><strong>La gestion du changement en contexte de transformation des lieux de travail : Le cas Deloitte<\/strong><br \/>\nMontr\u00e9al, April 2018<br \/>\nACMP Qu\u00e9bec<\/li>\n<li><strong>Reinventing Organizations avec Fr\u00e9d\u00e9rick Laloux<\/strong><br \/>\nLive streaming from Brussels, April 2018<\/li>\n<li><strong>Strength-based LEAN Six-Sigma<\/strong><br \/>\nDavid Shaked,<br \/>\nMontr\u00e9al, March 2018<\/li>\n<li><strong>Les tablettistes 2018<\/strong><br \/>\nGroupe media TFO, Ottawa<br \/>\nMarch 2018<\/li>\n<li><strong>Playing to Win<\/strong><br \/>\nJennifer Riel, Rotman Executive Program,<br \/>\nUniversity of Toronto, February 2018<\/li>\n<li><strong>La compassion dans l\u2019action<\/strong><br \/>\nMatthieu Ricard et R\u00e9mi Tremblay<br \/>\nMontr\u00e9al, October 2017<\/li>\n<li><strong>Reinventing Organizations avec Fr\u00e9d\u00e9rick Laloux<\/strong><br \/>\nCongr\u00e8s des CRHA<br \/>\nMontr\u00e9al, Fall 2017<\/li>\n<li><strong>The Fifth World Congress on Positive Psychology<\/strong><br \/>\nInternational Positive Psychology Association<br \/>\nMontr\u00e9al, July 2017<\/li>\n<li><strong>Colloque francophone sur la psychologie positive<\/strong><br \/>\nMontr\u00e9al, July 2017<\/li>\n<li><strong>The New Change Equation<br \/>\nThe ten most powerful change management techniques<\/strong><br \/>\n7-weeks webinar course with David Cooperrider<br \/>\nWeatherhead School of Management<br \/>\nCase Western Reserve University, January- March 2017<\/li>\n<li><strong>Les tablettistes 2017<br \/>\nConf\u00e9rence on the Future of Digital Learning<\/strong><br \/>\nGroupe media TFO, Ottawa,<br \/>\nJanuary 2016 (1 day)<\/li>\n<li><strong>Kaospilot Education Masterclass<br \/>\nThe Art and Craft of facilitating Learning Spaces &#8211; learning experience, strategy and design<\/strong><br \/>\nMontr\u00e9al, Qu\u00e9bec<br \/>\nDecember 2016 (3 days)<\/li>\n<li><strong>Zappos Tour Experience<\/strong><br \/>\nTour of new corporate headquarters to learn about the Zappos Service culture.<br \/>\nOctober 2016<br \/>\nLas Vegas, Nevada<\/li>\n<li><strong>Barrett Value Center International Conference<\/strong><br \/>\nToronto, Ontario<br \/>\nSeptember 2016 (3 days)<\/li>\n<li><strong>Leadership, La maison des leaders<\/strong><br \/>\nAugust 2016 (4 days)<\/li>\n<li><strong>Training in Leadership with Meg Wheatley et al.<em><br \/>\n<\/em><\/strong>Warriors for the Human Spirit, Utah,<br \/>\nOctober 2015, May 2016, October 2016<\/li>\n<\/ul>\n<p>[\/vc_column_text][\/vc_column_inner][vc_column_inner width=&#8221;1\/2&#8243;][vc_column_text]<\/p>\n<ul>\n<li><strong>Change Management 2016: 3D Change\u2014Digital, Disruptive<em><br \/>\n<\/em><\/strong>Conference Board of Canada, Toronto,<br \/>\nMay 2016<strong><em>\u00a0<\/em><\/strong><\/li>\n<li><strong>Vision 2020 &#8211; R\u00eaver au futur de la psychologie positive au Qu\u00e9bec<em><br \/>\n<\/em><\/strong>Montr\u00e9al,<br \/>\nApril\u00a02016<strong><em>\u00a0<\/em><\/strong><\/li>\n<li><strong>The Ambush of Hope<em><br \/>\n<\/em><\/strong>Montr\u00e9al, Meg Wheatley,<br \/>\nJune 2015<\/li>\n<li><strong>MSOD Pepperdine Alumni Conferences<\/strong>,<br \/>\nMonterey, California,<br \/>\nMay 2015, May 2011, July\u00a01999 and\u00a01995<\/li>\n<li><strong>Third Global Forum for Business as an Agent of World Benefit<em><br \/>\n<\/em><\/strong>Cleveland, OH. Weatherhead School of Management.<br \/>\nOctober\u00a02014<\/li>\n<li><strong>The Design of Flourishing Enterprises: A Visual Studio Approach<em><br \/>\n<\/em><\/strong>Stephen Davies and Anthony Upwards, Cleveland, OH.,<br \/>\nOctober 2014<\/li>\n<li><strong>Symposium Project Management Institute<\/strong>,<em><br \/>\nQu\u00e9bec\u00a0<\/em>Montr\u00e9al,<br \/>\nOctober 2014<\/li>\n<li><strong>Socio Technical Roundtable,<em><br \/>\n<\/em><\/strong>Conf\u00e9rence internationale,<br \/>\nSeptember 2014<\/li>\n<li><strong>Data-Driven Storytelling<em><br \/>\n<\/em><\/strong>Webinaire de Theresa M. Welbourne, PhD<br \/>\nUniversity of Southern California,<br \/>\nJune 2014<\/li>\n<li><strong>Les bases du dialogue authentique<em><br \/>\n<\/em><\/strong>Spiralis<br \/>\nMarch 2014<\/li>\n<li><strong>Conception innovante<em><br \/>\n<\/em><\/strong>Mines Paris Tech, Mosaic HEC.\u00a0Montr\u00e9al,<br \/>\nMay 2013<\/li>\n<li><strong>Apprivoiser les forces du stress,<em><br \/>\n<\/em><\/strong>Dr Serge Marquis Montr\u00e9al,<br \/>\nFebruary\u00a02013<\/li>\n<li><strong>Art of Hosting, L\u2019art d\u2019agir ensemble<em><br \/>\n<\/em><\/strong>Toke Moeller, Tuesday Ryan-Hart,\u00a0Chris Corrigan, Montr\u00e9al,<br \/>\nJanuary 2013<\/li>\n<li><strong>2012 World Appreciative Inquiry Conference, Ghent,<em><br \/>\n<\/em><\/strong>Belgique,<br \/>\nApril 2012<\/li>\n<li><strong>Appreciative Inquiry<em><br \/>\n<\/em><\/strong>David Cooperrider, Ghent, Belgique<br \/>\nApril 2012<\/li>\n<li><strong>Leadership et discernement,<em><br \/>\n<\/em><\/strong>R\u00e9mi Tremblay, La Maison des leaders, Qu\u00e9bec,<br \/>\nOctober 2011<\/li>\n<li><strong>OD as Citizen<\/strong>,<em><br \/>\n<\/em><em>Pepperdine Alumni OD Network Conference,<\/em> Cincinnati, USA,<br \/>\nMay 2011<\/li>\n<li><strong>Th\u00e9orie U<em><br \/>\n<\/em><\/strong>Mario Cayer et R\u00e9mi Tremblay, Qu\u00e9bec,<br \/>\n2010<\/li>\n<li><strong>Conference on New Trends in OD<\/strong>,<em><br \/>\n<\/em>American\u00a0 Universit y\/ NTL, Washingtion,USA,<br \/>\nMarch 2010<\/li>\n<li><strong>International Coaching Federation\u00a0 Annual Conference,<em><br \/>\n<\/em><\/strong>Fort Lauderdale, Florida,<br \/>\nDecember\u00a02010<\/li>\n<\/ul>\n<p>[\/vc_column_text][\/vc_column_inner][\/vc_row_inner][\/vc_tta_section][vc_tta_section title=&#8221;2000 to 2009&#8243; tab_id=&#8221;1462913222491-5d08a1ce-7165&#8243;][vc_row_inner][vc_column_inner width=&#8221;1\/2&#8243;][vc_column_text]<\/p>\n<ul>\n<li><strong>International Coaching Federation\u00a0 Annual Conference,<em><br \/>\n<\/em><\/strong>Montr\u00e9al, Qu\u00e9bec<br \/>\nNovember 2009<\/li>\n<li><strong>Certification:\u00a0 Cultural Transformation Tool (CTT) PART 2: Building a Values-Driven Organization,\u00a0<\/strong><strong style=\"line-height: 1.5;\">Barrett Values Center<em><br \/>\n<\/em><\/strong>Montr\u00e9al,<br \/>\nSeptember 9 to\u00a011, 2009<\/li>\n<li><strong>Cultural Transformation Tool (CTT )- Part 1, Models and Tools Training<\/strong>,\u00a0<strong style=\"line-height: 1.5;\">Barrett Values Center<\/strong><span style=\"line-height: 1.5;\">,<br \/>\n<\/span><span style=\"line-height: 1.5;\">Montr\u00e9al,<br \/>\nFebruary\u00a02009<\/span><\/li>\n<li><strong>Women\u2019s Leadership<\/strong>,<em> Margaret Wheatley,<br \/>\n<\/em><span style=\"line-height: 1.5;\">Montr\u00e9al,<br \/>\nApril 2007<\/span><\/li>\n<li><strong>Emotional Intelligence<\/strong>,\u00a0<em>Daniel Goleman<br \/>\n<\/em>Video Conference Workshop in Montr\u00e9al,<br \/>\nMay 2005<\/li>\n<li><strong>Leadership\u00a0 in Turbulent Times,<em><br \/>\n<\/em><\/strong><em>Margaret Wheatley and Peter Block, <\/em>Ottawa OD Network,<br \/>\nFebruary 2005<\/li>\n<li><strong>Leadership Journey to South Africa and Zimbabwe<\/strong>,<em><br \/>\n<\/em><span style=\"line-height: 1.5;\">Berkana Exchange, Berkana Institute,<br \/>\nOctober 30 to November 14, 2004<\/span><\/li>\n<li><strong>International Conference on Appreciative Inquiry<\/strong>,<em><br \/>\n<\/em>Miami,<br \/>\nSeptember\u00a02004<\/li>\n<li><strong>Whole Scale Coaching,<br \/>\n<\/strong><em>Sylvia James and Steve Cady<\/em>,\u00a0Cape Cod Institute,<br \/>\nJuly 2004<\/li>\n<li><strong>Leadership in Turbulent Times<\/strong>,<br \/>\n<em>Margaret Wheatley,\u00a0<\/em><span style=\"line-height: 1.5;\">Cape Cod Institute,<br \/>\nJuly 2004<\/span><\/li>\n<\/ul>\n<p>[\/vc_column_text][\/vc_column_inner][vc_column_inner width=&#8221;1\/2&#8243;][vc_column_text]<\/p>\n<ul>\n<li><strong>Using the Viable System Model for Redesign Efforts,<br \/>\n<\/strong><em>Jean Fuller<\/em>, Montr\u00e9al,<br \/>\nFebruary\u00a02004<\/li>\n<li><strong>MBTI\u00ae Qualifying Program, Qualifying.org,<em><br \/>\n<\/em><\/strong>Greensboro, North Carolina,<br \/>\nNovember 2003<\/li>\n<li><strong>Nouvelles tendances dans les technologies de l\u2019information<\/strong>,<em><br \/>\n<\/em>Technologia , Montr\u00e9al,<br \/>\nNovember 2003<\/li>\n<li><strong>Creating a Culture of Accountability,<em><br \/>\n<\/em><\/strong>Peter Block Ottawa,<br \/>\nOctober 2003<\/li>\n<li><strong>Spiral Dynamics Integral, Level One,<em><br \/>\n<\/em><\/strong>Dr. Don Beck, Ottawa,<br \/>\nOctober 2003<\/li>\n<li><strong>OD Network Conference,<em><br \/>\n<\/em><\/strong>Montr\u00e9al,<br \/>\nOctober 2002<\/li>\n<li><strong>Certification to Deliver Leadership Development<br \/>\n<\/strong><strong>Program Follow-On Coaching,<em><br \/>\n<\/em><\/strong>The Niagara Institute and Centre for Creative Leadership,<br \/>\n2002<\/li>\n<li><strong>Appreciative Inquiry<em><br \/>\n<\/em><\/strong>David Cooperrider and Marge Schiller<br \/>\nCape Cod Institute<br \/>\nAugust 2001<\/li>\n<li><strong>The Coaching Clinic and Train the Trainer<em><br \/>\n<\/em><\/strong>Corporate Coach U\u00a0 International,<br \/>\nMarch 2001<\/li>\n<li><strong>Certification to Deliver Feedback in the Leadership Development Program<\/strong>,<em><br \/>\n<\/em>Niagara Institute,<br \/>\n2000<\/li>\n<li><strong>Int. Assoc. of Facilitators Conference,<em><br \/>\n<\/em><\/strong>Toronto,<br \/>\nApril\u00a02000<\/li>\n<\/ul>\n<p>[\/vc_column_text][\/vc_column_inner][\/vc_row_inner][\/vc_tta_section][vc_tta_section title=&#8221;1990 to 1999&#8243; tab_id=&#8221;1462913258249-a7ce1e4d-da04&#8243;][vc_row_inner][vc_column_inner width=&#8221;1\/2&#8243;][vc_column_text]<\/p>\n<ul>\n<li><strong>Developing Whole Scale Change,<em><br \/>\n<\/em><\/strong>Dannemiller Tyson and Ass.,<br \/>\nMay 1999<\/li>\n<li><strong>Appreciative Inquiry,<em><br \/>\n<\/em><\/strong>Bernard Mohr,\u00a0Ottawa,<br \/>\n1998<\/li>\n<li><strong>Ecology of Work Conference<\/strong>,<em><br \/>\n<\/em>Toronto,<br \/>\n1998<\/li>\n<li><strong>Socio-Technical Roundtable,<\/strong><em><br \/>\n<\/em>Ottawa,<br \/>\n1998<\/li>\n<li><strong>Project Management,<em><br \/>\n<\/em><\/strong>Project Management Institute, Toronto,<br \/>\n1997<\/li>\n<\/ul>\n<p>[\/vc_column_text][\/vc_column_inner][vc_column_inner width=&#8221;1\/2&#8243;][vc_column_text]<\/p>\n<ul>\n<li><strong>Open Space Technology<em>,<br \/>\n<\/em><\/strong>Harrison Owen, Ottawa,<br \/>\nApril 1996<\/li>\n<li><strong>Leadership, Impact and Influence,<em><br \/>\n<\/em><\/strong>Niagara Institute,<br \/>\nSpring 1995<\/li>\n<li><strong>Creative Problem Solving Institute<\/strong>,<em><br \/>\n<\/em>Buffalo,<br \/>\n1995<\/li>\n<li><strong>Large Group Intervention,<em><br \/>\n<\/em><\/strong>Billie Alban and Barbara Bunker, Boston,<br \/>\n1995<\/li>\n<li><strong>Total Quality<\/strong>, Domtar,<br \/>\nMontr\u00e9al<br \/>\n1990<\/li>\n<\/ul>\n<p>[\/vc_column_text][\/vc_column_inner][\/vc_row_inner][\/vc_tta_section][\/vc_tta_tabs][\/vc_column][\/vc_row][vc_row full_width=&#8221;stretch_row_content_no_spaces&#8221; el_class=&#8221;collab&#8221; css=&#8221;.vc_custom_1461879096030{background-image: url(https:\/\/foug.ca\/wp-content\/uploads\/2016\/04\/collab-bg.png?id=84) !important;}&#8221;][vc_column][vc_empty_space height=&#8221;65px&#8221;][\/vc_column][\/vc_row][vc_row full_width=&#8221;stretch_row_content_no_spaces&#8221;][vc_column]\r\n<div class=\"cta-row\" style=\"background-image: url(https:\/\/foug.ca\/wp-content\/uploads\/2016\/04\/cta-bg.jpg);\">\r\n    <div class=\"container\">\r\n        <h2><\/h2>\r\n        <p><\/p>\n<h2>Contact FOUG now and<br \/>\nlet us help you get things moving!<\/h2>\n<p><\/p>\r\n            <\/div>\r\n<\/div>\r\n[\/vc_column][\/vc_row]<\/p>\n<\/div>","protected":false},"excerpt":{"rendered":"<p>[vc_row][vc_column width=&#8221;1\/2&#8243; el_class=&#8221;intro&#8221;][vc_column_text] About FOUG Conseils Your organization operates in an increasingly complex, often fast-paced environment. FOUG will draw on Jacinthe and Sonia\u2019s expertise and their network of partners with complementary skills to help you mobilize your employees and maximize your organization\u2019s potential.[\/vc_column_text][vc_empty_space height=&#8221;50px&#8221;][\/vc_column][vc_column width=&#8221;1\/2&#8243;][vc_empty_space height=&#8221;30px&#8221;][\/vc_column][\/vc_row][vc_row el_id=&#8221;jacinthe&#8221;][vc_column width=&#8221;1\/3&#8243;][vc_single_image image=&#8221;426&#8243; img_size=&#8221;full&#8221;][\/vc_column][vc_column width=&#8221;2\/3&#8243;][vc_empty_space height=&#8221;20px&#8221;][vc_column_text] Jacinthe Bergevin, MSOD [&hellip;]<\/p>\n","protected":false},"author":1,"featured_media":0,"parent":0,"menu_order":0,"comment_status":"closed","ping_status":"closed","template":"","meta":{"_acf_changed":false,"footnotes":""},"class_list":["post-1101","page","type-page","status-publish","hentry","cf"],"acf":[],"_links":{"self":[{"href":"https:\/\/foug.ca\/en\/wp-json\/wp\/v2\/pages\/1101","targetHints":{"allow":["GET"]}}],"collection":[{"href":"https:\/\/foug.ca\/en\/wp-json\/wp\/v2\/pages"}],"about":[{"href":"https:\/\/foug.ca\/en\/wp-json\/wp\/v2\/types\/page"}],"author":[{"embeddable":true,"href":"https:\/\/foug.ca\/en\/wp-json\/wp\/v2\/users\/1"}],"replies":[{"embeddable":true,"href":"https:\/\/foug.ca\/en\/wp-json\/wp\/v2\/comments?post=1101"}],"version-history":[{"count":0,"href":"https:\/\/foug.ca\/en\/wp-json\/wp\/v2\/pages\/1101\/revisions"}],"wp:attachment":[{"href":"https:\/\/foug.ca\/en\/wp-json\/wp\/v2\/media?parent=1101"}],"curies":[{"name":"wp","href":"https:\/\/api.w.org\/{rel}","templated":true}]}}