{"id":1270,"date":"2016-04-26T20:45:43","date_gmt":"2016-04-27T00:45:43","guid":{"rendered":"https:\/\/foug.ca\/about-foug\/"},"modified":"2021-02-11T10:23:56","modified_gmt":"2021-02-11T15:23:56","slug":"about-sonia","status":"publish","type":"page","link":"https:\/\/foug.ca\/en\/about-sonia\/","title":{"rendered":"About Sonia Bergevin"},"content":{"rendered":"<div class=\"wpb-content-wrapper\"><p>[vc_row][vc_column width=&#8221;1\/2&#8243; el_class=&#8221;intro&#8221;][vc_column_text]<\/p>\n<h2>About FOUG Conseils<\/h2>\n<p>Your organization operates in an increasingly complex, often fast-paced environment. FOUG will draw on Jacinthe and Sonia\u2019s expertise and their network of partners with complementary skills to help you mobilize your employees and maximize your organization\u2019s potential.[\/vc_column_text][vc_empty_space height=&#8221;50px&#8221;][\/vc_column][vc_column width=&#8221;1\/2&#8243;][vc_empty_space height=&#8221;55px&#8221;]<div class=\"quote-m quote\">\r\n    <div>Fougue is a powerful French word that means passion, enthusiasm or zeal. Jacinthe and Sonia put their own \u201cFougue\u201d to work for their clients, providing services in organizational development, appreciative inquiry and service design.<\/div>\r\n<\/div>\r\n[vc_empty_space height=&#8221;50px&#8221;][\/vc_column][\/vc_row][vc_row el_id=&#8221;jacinthe&#8221;][vc_column width=&#8221;1\/3&#8243;][vc_single_image image=&#8221;1492&#8243; img_size=&#8221;full&#8221;][\/vc_column][vc_column width=&#8221;2\/3&#8243;][vc_empty_space height=&#8221;20px&#8221;][vc_column_text]<\/p>\n<h2>Sonia Bergevin<\/h2>\n<p>[\/vc_column_text][vc_column_text]Since 2015, Sonia Bergevin has provided external consulting services to private and public organizations across Canada, helping them improve their organizational performance. She is motivated by tangible results, and focuses on a client\u2019s business objectives to help them deliver an outstanding customer experience and optimize their operational efficiency.<\/p>\n<p>By putting her experience to use in a range of SMEs and Fortune 500 companies, she has developed expertise that is applicable to a wide variety of industries. Sonia is completely bilingual and works in both English and French.[\/vc_column_text][vc_empty_space height=&#8221;20px&#8221;]<div class=\"quote-m quote\">\r\n    <div>Sonia is passionate about service design and believes in the power of a multidisciplinary team to co-create solutions that are desirable, feasible and viable.<\/div>\r\n<\/div>\r\n[\/vc_column][\/vc_row][vc_row full_width=&#8221;stretch_row_content_no_spaces&#8221; el_class=&#8221;purple-row&#8221; el_id=&#8221;parcours&#8221;][vc_column][vc_row_inner el_class=&#8221;container&#8221;][vc_column_inner][vc_column_text el_class=&#8221;no-btm-margin&#8221;]<\/p>\n<h2>Professional Background<\/h2>\n<p>Sonia holds a bachelor\u2019s degree in Sociology from the University of Ottawa and has more than 20 years\u2019 experience in the corporate world. She began her career in human resources out of a desire to help employees improve their performance. Being an entrepreneur at heart, Sonia then launched her own business providing SMEs with human resources support. Sonia eventually discovered the world of operational excellence and earned her Lean Six Sigma Black Belt Certification. She uses this knowledge to guide her clients through the process of implementing a culture of continuous improvement.<\/p>\n<p>Her path led her to service design, an expertise she has been developing since 2015. Sonia has integrated this approach into her arsenal of skills, which includes design thinking, appreciative inquiry, change management, organizational transformation and a passion for operational excellence. Sonia stays current on the latest trends in service design and organizational development, and actively pursues professional development opportunities so she can offer the very best to her clients.[\/vc_column_text][\/vc_column_inner][\/vc_row_inner][\/vc_column][\/vc_row][vc_row el_id=&#8221;accreditations&#8221;][vc_column][vc_empty_space height=&#8221;65px&#8221;]    <div class=\"row accred-blocs\">\r\n                    <div class=\"col-sm-6 accred-bloc\" id=\"bloc_1\">\r\n                <figure class=\"bloc\">\r\n                    <div class=\"bg\" style=\"background-image: url('https:\/\/foug.ca\/wp-content\/uploads\/2016\/04\/accreditations-foug.jpg');\"><\/div>\r\n                    <div class=\"overlay\"><\/div>\r\n                    <h2>Certifications<\/h2>\r\n                <\/figure>\r\n                <div class=\"mobile-desc\">\r\n                    <div class=\"inner-bloc\">\r\n                        <div class=\"bloc-text\"><ul>\n<li>Prosci ADKAR\u00ae Change Management Certification<\/li>\n<li>Lean Six Sigma Green and Black Belt Certification<\/li>\n<\/ul>\n<\/div>\r\n                    <\/div>\r\n                <\/div>\r\n            <\/div>\r\n                    <div class=\"col-sm-6 accred-bloc\" id=\"bloc_2\">\r\n                <figure class=\"bloc\">\r\n                    <div class=\"bg\" style=\"background-image: url('https:\/\/foug.ca\/wp-content\/uploads\/2016\/04\/association-professionnelle-foug.jpg');\"><\/div>\r\n                    <div class=\"overlay\"><\/div>\r\n                    <h2>Professional Associations<\/h2>\r\n                <\/figure>\r\n                <div class=\"mobile-desc\">\r\n                    <div class=\"inner-bloc\">\r\n                        <div class=\"bloc-text\"><ul>\n<li>Association of Change Management Professionals\u2014Quebec<\/li>\n<li>Communaut\u00e9 de pratique francophone Qu\u00e9bec\/Canada en Enqu\u00eate appr\u00e9ciative [Community of Francophone appreciative inquiry practitioners in Quebec\/Canada]<\/li>\n<li>Service Design Network<\/li>\n<\/ul>\n<\/div>\r\n                    <\/div>\r\n                <\/div>\r\n            <\/div>\r\n                <div class=\"desc\">\r\n                            <div class=\"inner-bloc\" id=\"bloc_1\">\r\n                    <div class=\"bloc-text\"><ul>\n<li>Prosci ADKAR\u00ae Change Management Certification<\/li>\n<li>Lean Six Sigma Green and Black Belt Certification<\/li>\n<\/ul>\n<\/div>\r\n                <\/div>\r\n                            <div class=\"inner-bloc\" id=\"bloc_2\">\r\n                    <div class=\"bloc-text\"><ul>\n<li>Association of Change Management Professionals\u2014Quebec<\/li>\n<li>Communaut\u00e9 de pratique francophone Qu\u00e9bec\/Canada en Enqu\u00eate appr\u00e9ciative [Community of Francophone appreciative inquiry practitioners in Quebec\/Canada]<\/li>\n<li>Service Design Network<\/li>\n<\/ul>\n<\/div>\r\n                <\/div>\r\n                    <\/div>\r\n    <\/div>\r\n[\/vc_column][\/vc_row][vc_row el_id=&#8221;formation&#8221;][vc_column][vc_column_text]<\/p>\n<h4>Training<\/h4>\n<p>In addition to her bachelor\u2019s degree in Sociology, Sonia is Lean Six Sigma Black Belt certified and has training in appreciative inquiry, design thinking and change management\u2014all targeted tools to help support her clients through organizational transformation. Sonia\u2019s professional development enables her to offer proven strategies to help her clients reach their objectives.[\/vc_column_text][vc_column_text]<\/p>\n<h5>Here is an overview of the training and conferences that Sonia has taken part in throughout her career.<\/h5>\n<p>[\/vc_column_text][vc_row_inner][vc_column_inner width=&#8221;1\/4&#8243;][vc_raw_html]JTNDZGl2JTNFJTNDcCUzRSUzQ2ltZyUyMHNyYyUzRCUyMmh0dHBzJTNBJTJGJTJGZm91Zy5jYSUyRndwLWNvbnRlbnQlMkZ1cGxvYWRzJTJGMjAxNiUyRjA0JTJGc3Rhci1mb3VnLXZveWFnZS5wbmclMjIlMjBhbHQlM0QlMjJmb3JtYXRpb25zJTIwRk9VRyUyMiUyRiUzRSUyMFBlcnNvbmFsJTIwVHJhdmVscyUzQyUyRnAlM0UlMEElM0NwJTNFJTNDaW1nJTIwc3JjJTNEJTIyaHR0cHMlM0ElMkYlMkZmb3VnLmNhJTJGd3AtY29udGVudCUyRnVwbG9hZHMlMkYyMDE2JTJGMDQlMkZzdGFyLWZvdWctZm9ybWF0aW9ucy5wbmclMjIlMjBhbHQlM0QlMjJmb3JtYXRpb25zJTIwRk9VRyUyMiUyRiUzRSUyMFRyYWluaW5ncyUzQyUyRnAlM0UlM0MlMkZkaXYlM0U=[\/vc_raw_html][\/vc_column_inner][vc_column_inner width=&#8221;3\/4&#8243;][vc_single_image image=&#8221;1516&#8243; img_size=&#8221;full&#8221; alignment=&#8221;center&#8221;][\/vc_column_inner][\/vc_row_inner][\/vc_column][\/vc_row][vc_row][vc_column][vc_tta_tabs active_section=&#8221;1&#8243; el_class=&#8221;purple-tab&#8221;][vc_tta_section title=&#8221;2010 to today&#8221; tab_id=&#8221;1462913222352-39ac2dbd-e560&#8243;][vc_row_inner][vc_column_inner width=&#8221;1\/2&#8243;][vc_column_text]<\/p>\n<ul>\n<li><strong><em>Conf\u00e9rence Exp\u00e9rience citoyen [Citizen\u2019s experience conference] (2020)<\/em><\/strong><br \/>\n\u00c9v\u00e8nements Les Affaires (virtual conference)<\/li>\n<li><strong><em>Positive Pivot : A global Virtual AI Jam (2020)<\/em><\/strong><br \/>\nChamplain College|Stiller School of Business (virtuel)<\/li>\n<li><strong><em>Service Design Global Conference (2019-2020)<\/em><\/strong><br \/>\nService Design Network (Toronto, Ontario \/ virtual conference)<\/li>\n<li><strong><em>Design Thinking : Experiment with the method (2019)<\/em><\/strong><br \/>\nFactry (Montreal, Quebec)<\/li>\n<li><strong><em>Conf\u00e9rence C2-Montr\u00e9al, Commerce and Creativity (2018-2019-2020)<\/em><\/strong><br \/>\nC2-Montr\u00e9al (Montr\u00e9al, Qu\u00e9bec \/ virtual conference)<\/li>\n<li><strong><em>Appreciative Inquiry Certification (2018)<\/em><\/strong><br \/>\n(Montreal, Quebec)<\/li>\n<li><strong><em>Strength-based LEAN Six-Sigma (2018)<\/em><\/strong><br \/>\nDavid Shaked (Montreal, Quebec)<\/li>\n<\/ul>\n<p>[\/vc_column_text][\/vc_column_inner][vc_column_inner width=&#8221;1\/2&#8243;][vc_column_text]<\/p>\n<ul>\n<li><strong><em>Canadian Service Design Conference (2017\u20132018)<\/em><\/strong><br \/>\nService Design Canada (Toronto, Ontario \/ Montreal, Quebec)<\/li>\n<li><strong><em>Business Model Canvas Masterclass (2015)<\/em><\/strong><br \/>\nStrategyzer (Boston, Massachusetts)<\/li>\n<li><strong><em>Lean Six Sigma Black Belt Certification (2014)<\/em><\/strong><br \/>\nBMGI (Denver, Colorado)<\/li>\n<li><strong><em>ADKAR\u00ae Change Management Certification (2012)<\/em><\/strong><br \/>\nProsci (San Diego, California)<\/li>\n<li><strong><em>Leadership Coaching Fundamentals (2012)<\/em><\/strong><br \/>\nPeople Dynamic Learning Group (Toronto, Ontario)<\/li>\n<li><strong><em>Lean Six Sigma Green Belt Certification (2012)<\/em><\/strong><br \/>\nBMGI (Denver, Colorado)<\/li>\n<\/ul>\n<p>[\/vc_column_text][\/vc_column_inner][\/vc_row_inner][\/vc_tta_section][vc_tta_section title=&#8221;2000 to 2009&#8243; tab_id=&#8221;1462913222491-5d08a1ce-7165&#8243;][vc_row_inner][vc_column_inner width=&#8221;1\/2&#8243;][vc_column_text]<\/p>\n<ul>\n<li><strong><em>Foundation in Group Facilitation (2009)<\/em><\/strong><br \/>\nIntersol (Ottawa, Ontario)<\/li>\n<li><strong><em>Instructional Techniques for New Instructors (2008)<\/em><\/strong><br \/>\nLangevin Learning Services (Toronto, Ontario)<\/li>\n<\/ul>\n<p>[\/vc_column_text][\/vc_column_inner][vc_column_inner width=&#8221;1\/2&#8243;][vc_column_text][\/vc_column_text][\/vc_column_inner][\/vc_row_inner][\/vc_tta_section][\/vc_tta_tabs][\/vc_column][\/vc_row][vc_row full_width=&#8221;stretch_row_content_no_spaces&#8221; el_class=&#8221;collab&#8221; css=&#8221;.vc_custom_1461879096030{background-image: url(https:\/\/foug.ca\/wp-content\/uploads\/2016\/04\/collab-bg.png?id=84) !important;}&#8221;][vc_column][vc_empty_space height=&#8221;65px&#8221;][\/vc_column][\/vc_row][vc_row full_width=&#8221;stretch_row_content_no_spaces&#8221;][vc_column]\r\n<div class=\"cta-row\" style=\"background-image: url(https:\/\/foug.ca\/wp-content\/uploads\/2016\/04\/cta-bg.jpg);\">\r\n    <div class=\"container\">\r\n        <h2><\/h2>\r\n        <p><\/p>\n<h2>CONTACT FOUG NOW AND LET US<br \/>\nHELP YOU GET THINGS MOVING!<\/h2>\n<p><\/p>\r\n            <\/div>\r\n<\/div>\r\n[\/vc_column][\/vc_row]<\/p>\n<\/div>","protected":false},"excerpt":{"rendered":"<p>[vc_row][vc_column width=&#8221;1\/2&#8243; el_class=&#8221;intro&#8221;][vc_column_text] About FOUG Conseils Your organization operates in an increasingly complex, often fast-paced environment. FOUG will draw on Jacinthe and Sonia\u2019s expertise and their network of partners with complementary skills to help you mobilize your employees and maximize your organization\u2019s potential.[\/vc_column_text][vc_empty_space height=&#8221;50px&#8221;][\/vc_column][vc_column width=&#8221;1\/2&#8243;][vc_empty_space height=&#8221;55px&#8221;][vc_empty_space height=&#8221;50px&#8221;][\/vc_column][\/vc_row][vc_row el_id=&#8221;jacinthe&#8221;][vc_column width=&#8221;1\/3&#8243;][vc_single_image image=&#8221;1492&#8243; img_size=&#8221;full&#8221;][\/vc_column][vc_column width=&#8221;2\/3&#8243;][vc_empty_space height=&#8221;20px&#8221;][vc_column_text] Sonia Bergevin [&hellip;]<\/p>\n","protected":false},"author":1,"featured_media":0,"parent":0,"menu_order":0,"comment_status":"closed","ping_status":"closed","template":"","meta":{"_acf_changed":false,"footnotes":""},"class_list":["post-1270","page","type-page","status-publish","hentry","cf"],"acf":[],"_links":{"self":[{"href":"https:\/\/foug.ca\/en\/wp-json\/wp\/v2\/pages\/1270","targetHints":{"allow":["GET"]}}],"collection":[{"href":"https:\/\/foug.ca\/en\/wp-json\/wp\/v2\/pages"}],"about":[{"href":"https:\/\/foug.ca\/en\/wp-json\/wp\/v2\/types\/page"}],"author":[{"embeddable":true,"href":"https:\/\/foug.ca\/en\/wp-json\/wp\/v2\/users\/1"}],"replies":[{"embeddable":true,"href":"https:\/\/foug.ca\/en\/wp-json\/wp\/v2\/comments?post=1270"}],"version-history":[{"count":0,"href":"https:\/\/foug.ca\/en\/wp-json\/wp\/v2\/pages\/1270\/revisions"}],"wp:attachment":[{"href":"https:\/\/foug.ca\/en\/wp-json\/wp\/v2\/media?parent=1270"}],"curies":[{"name":"wp","href":"https:\/\/api.w.org\/{rel}","templated":true}]}}