{"id":531,"date":"2016-04-26T20:45:30","date_gmt":"2016-04-26T19:45:30","guid":{"rendered":"https:\/\/foug.ca\/en\/nos-clients\/"},"modified":"2024-04-05T11:24:40","modified_gmt":"2024-04-05T15:24:40","slug":"our-clients","status":"publish","type":"page","link":"https:\/\/foug.ca\/en\/our-clients\/","title":{"rendered":"Our clients"},"content":{"rendered":"<div class=\"wpb-content-wrapper\"><p>[vc_row][vc_column width=&#8221;1\/2&#8243;][vc_column_text el_class=&#8221;intro&#8221;]<\/p>\n<h2>They placed their trust in us<\/h2>\n<p>Here is a partial list of clients we have worked with over the last 30 years, presented by sector.[\/vc_column_text][\/vc_column][vc_column width=&#8221;1\/2&#8243;]<div class=\"quote-m quote\">\r\n    <div>Over the years, we have had the privilege of accompanying many private, public and non-profit organizations of all sizes.<\/div>\r\n<\/div>\r\n[\/vc_column][\/vc_row][vc_row][vc_column][vc_empty_space height=&#8221;45px&#8221;][\/vc_column][\/vc_row][vc_row el_id=&#8221;clients-list&#8221;][vc_column width=&#8221;1\/3&#8243;][vc_tta_accordion active_section=&#8221;99&#8243; collapsible_all=&#8221;true&#8221; el_class=&#8221;purple-acc&#8221;][vc_tta_section title=&#8221;Art and culture&#8221; tab_id=&#8221;1461954527709-99ea22d9-9072&#8243;][vc_column_text]<\/p>\n<ul>\n<li>Centre d\u2019excellence artistique de l\u2019Ontario<\/li>\n<li>Magn\u00e9to<\/li>\n<li>Th\u00e9\u00e2tre de la Vieille 17<\/li>\n<li>Th\u00e9\u00e2tre fran\u00e7ais \u2013 National Art Center<\/li>\n<\/ul>\n<p>[\/vc_column_text][\/vc_tta_section][vc_tta_section title=&#8221;Communications&#8221; tab_id=&#8221;1678732941077-31425671-0b5b&#8221;][vc_column_text]<\/p>\n<ul>\n<li>Groupe M\u00e9dia TFO<\/li>\n<li>La Presse<\/li>\n<li>Radio-Canada<\/li>\n<li>Vid\u00e9otron<\/li>\n<\/ul>\n<p>[\/vc_column_text][\/vc_tta_section][vc_tta_section title=&#8221;Education&#8221; tab_id=&#8221;1461954697659-0ba5ee40-67a4&#8243;][vc_column_text]<\/p>\n<ul>\n<li>Centre d\u2019excellence artistique de l\u2019Ontario (CEAO)<\/li>\n<li>Centre franco-ontarien de ressources p\u00e9dagogiques<\/li>\n<li>Coll\u00e8ge Bor\u00e9al<\/li>\n<li>Coll\u00e8ge Durocher Saint-Lambert<\/li>\n<li>Coll\u00e8ge Rosemont<\/li>\n<li>Conseil scolaire francophone de la Colombie-Britannique<\/li>\n<li>Institut en g\u00e9nie de l\u2019\u00e9nergie \u00e9lectrique<\/li>\n<li>Laurentian University<\/li>\n<li>Montr\u00e9al Hooked on School<\/li>\n<li>Numerous Francophone school boards in Ontario<\/li>\n<li>Ontario Ministry of Education<\/li>\n<li>Universit\u00e9 de l&#8217;Ontario fran\u00e7ais<\/li>\n<li>Universit\u00e9 du Qu\u00e9bec \u00e0 Montr\u00e9al (UQAM)<\/li>\n<\/ul>\n<p>[\/vc_column_text][\/vc_tta_section][vc_tta_section title=&#8221;Energy&#8221; tab_id=&#8221;1612474967625-2fc8e1b9-389f&#8221;][vc_column_text]<\/p>\n<ul>\n<li>Cenovus Energy<\/li>\n<li>Parkland Fuel Corporation<\/li>\n<\/ul>\n<p>[\/vc_column_text][\/vc_tta_section][vc_tta_section title=&#8221;Finance&#8221; tab_id=&#8221;1461954740784-fd66b7f2-716c&#8221;][vc_column_text]<\/p>\n<ul>\n<li>Business Development Bank of Canada<\/li>\n<li>Desjardins Securities<\/li>\n<li>Fairstone<\/li>\n<li>F\u00e9d\u00e9ration des caisses Desjardins du Qu\u00e9bec<\/li>\n<li>Ot\u00e9ra Capital &#8211; CDPQ<\/li>\n<li>Standard Life<\/li>\n<li>Two major pension fund managers<\/li>\n<\/ul>\n<p>[\/vc_column_text][\/vc_tta_section][vc_tta_section title=&#8221;Civil service&#8221; tab_id=&#8221;1462374582713-e0d6ed19-3243&#8243;][vc_column_text]<\/p>\n<ul>\n<li>Aboriginal Affairs and Northern Development Canada<\/li>\n<li>Canada Revenue Agency<\/li>\n<li>Canadian Space Agency<\/li>\n<li>Veterans Affairs Canada<\/li>\n<li>Public Service Commission of Canada<\/li>\n<li>Quebec Federal Council<\/li>\n<li>National Research Council Canada<\/li>\n<li>Justice Canada<\/li>\n<li>Health Canada<\/li>\n<li>Courts Administration Service<\/li>\n<li>Service Canada<\/li>\n<li>Canada Mortgage and Housing Corporation<\/li>\n<li>S\u00fbret\u00e9 du Qu\u00e9bec<\/li>\n<li>Public Works and Government Services Canada<\/li>\n<li>Commission des partenaires du march\u00e9 du travail (Qu\u00e9bec)<\/li>\n<\/ul>\n<p>[\/vc_column_text][\/vc_tta_section][vc_tta_section title=&#8221;Municipalities&#8221; tab_id=&#8221;1462906789862-70ac7928-8cee&#8221;][vc_column_text]<\/p>\n<ul>\n<li>Borough of Montr\u00e9al-Nord<\/li>\n<li>Initiative montr\u00e9alaise de soutien au d\u00e9veloppement social local<\/li>\n<li>Municipality of Loretteville<\/li>\n<\/ul>\n<p>[\/vc_column_text][\/vc_tta_section][\/vc_tta_accordion][\/vc_column][vc_column width=&#8221;1\/3&#8243;][vc_tta_accordion active_section=&#8221;99&#8243; collapsible_all=&#8221;true&#8221; el_class=&#8221;purple-acc&#8221;][vc_tta_section title=&#8221;Manufacturing&#8221; tab_id=&#8221;1462906320612-54c067b1-cdfe&#8221;][vc_column_text]<\/p>\n<ul>\n<li>Abitibi-Consolidated Inc.<\/li>\n<li>Molson Coors Brewing Company<\/li>\n<li>Cadbury Adams Canada Inc.<\/li>\n<li>Domtar<\/li>\n<li>General Motors Canada<\/li>\n<li>Pratt &amp; Whitney<\/li>\n<\/ul>\n<p>[\/vc_column_text][\/vc_tta_section][vc_tta_section title=&#8221;Professional orders&#8221; tab_id=&#8221;1462906411678-3bd385cc-bf29&#8243;][vc_column_text]<\/p>\n<ul>\n<li>Barreau du Qu\u00e9bec<\/li>\n<li>Ordre des conseillers en ressources humaines agr\u00e9\u00e9s<\/li>\n<\/ul>\n<p>[\/vc_column_text][\/vc_tta_section][vc_tta_section title=&#8221;Non-profit organizations&#8221; tab_id=&#8221;1462906431380-c4f9b8a0-0d5c&#8221;][vc_column_text]<\/p>\n<ul>\n<li>Action jeunesse de l\u2019Ouest-de-l\u2019\u00cele\u00a0(AJOI)<\/li>\n<li>Association canadienne-fran\u00e7aise de l\u2019Ontario\u00a0(ACFO)<\/li>\n<li>Association des gestionnaires de l\u2019\u00e9ducation franco-ontarienne\u00a0(AG\u00c9FO)<\/li>\n<li>Calgary Chamber of Commerce<\/li>\n<li>Centraide of Greater Montreal<\/li>\n<li>Centre franco-ontarien de ressources en alphab\u00e9tisation\u00a0(FORA)<\/li>\n<li>Coalition francophone pour l\u2019alphab\u00e9tisation et la formation de base en Ontario<\/li>\n<li>Community Housing Transformation Centre<\/li>\n<li>Dynamo<\/li>\n<li>F\u00e9d\u00e9ration culturelle canadienne-fran\u00e7aise\u00a0(FCCF)<\/li>\n<li>F\u00e9d\u00e9ration de la jeunesse franco-ontarienne (FESFO)<\/li>\n<li>Fonds canadien de la radio communautaire<\/li>\n<li>Horizon 0-5<\/li>\n<li>Mouvement d\u2019implication francophone de l\u2019Ontario (MIFO)<\/li>\n<li>Regroupement pour la valorisation de la paternit\u00e9 (RVP)<\/li>\n<li>Separated Fathers inc.<\/li>\n<\/ul>\n<p>[\/vc_column_text][\/vc_tta_section][vc_tta_section title=&#8221;Small and medium-sized businesses&#8221; tab_id=&#8221;1462906473290-7b05d4b8-53fb&#8221;][vc_column_text]<\/p>\n<ul>\n<li>ELEMENT<sup>AI<\/sup><\/li>\n<li>Healthcare clinics (medical, dental)<\/li>\n<li>IllicoHodes<\/li>\n<li>Immunotec Inc.<\/li>\n<\/ul>\n<p>[\/vc_column_text][\/vc_tta_section][vc_tta_section title=&#8221;Health&#8221; tab_id=&#8221;1464708136030-e9e617b5-e625&#8243;][vc_column_text]<\/p>\n<ul>\n<li>Sainte-Anne\u2019s Hospital (veterans)<\/li>\n<li>CSSS de Bordeaux-Cartierville Saint-Laurent<\/li>\n<li>CIUSSS de l\u2019Ouest-de-l\u2019\u00cele<\/li>\n<li>CSSS de la Pointe-de-l\u2019\u00cele<\/li>\n<li>Montfort Hospital<\/li>\n<li>Health Canada<\/li>\n<li>Healthcare Excellence Canada<\/li>\n<li>Health Sciences North<\/li>\n<li>Salus (Mental Health Services and Supportive Housing)<\/li>\n<\/ul>\n<p>[\/vc_column_text][\/vc_tta_section][\/vc_tta_accordion][\/vc_column][vc_column width=&#8221;1\/3&#8243;][vc_tta_accordion active_section=&#8221;99&#8243; collapsible_all=&#8221;true&#8221; el_class=&#8221;purple-acc&#8221;][vc_tta_section title=&#8221;Crown corporations&#8221; tab_id=&#8221;1462906513822-c22865f6-396f&#8221;][vc_column_text]<\/p>\n<ul>\n<li>Hydro-Qu\u00e9bec<\/li>\n<li>Hydro-Qu\u00e9bec Innovation \u00e9quipement et services partag\u00e9s<\/li>\n<li>Hydro-Qu\u00e9bec Distribution<\/li>\n<li>Radio-Canada<\/li>\n<li>Soci\u00e9t\u00e9 d\u2019\u00e9nergie de la Baie James<\/li>\n<li>Soci\u00e9t\u00e9 des alcools du Qu\u00e9bec<\/li>\n<li>Soci\u00e9t\u00e9 qu\u00e9b\u00e9coise du cannabis (SQDC)<\/li>\n<\/ul>\n<p>[\/vc_column_text][\/vc_tta_section][vc_tta_section title=&#8221;Technology&#8221; tab_id=&#8221;1612474887819-36531775-1313&#8243;][vc_column_text]<\/p>\n<ul>\n<li>Eidos-Montr\u00e9al<\/li>\n<li>GRICS<\/li>\n<li>Xerox<\/li>\n<\/ul>\n<p>[\/vc_column_text][\/vc_tta_section][vc_tta_section title=&#8221;Transportation&#8221; tab_id=&#8221;1462906568802-7a1b1255-3267&#8243;][vc_column_text]<\/p>\n<ul>\n<li>Air Canada<\/li>\n<li>A\u00e9roports de Montr\u00e9al<\/li>\n<li>Calgary International Airport<\/li>\n<li>Canadian National<\/li>\n<\/ul>\n<p>[\/vc_column_text][\/vc_tta_section][vc_tta_section title=&#8221;Retailers and restaurants&#8221; tab_id=&#8221;1462906620954-ce59d4d6-6b4b&#8221;][vc_column_text]<\/p>\n<ul>\n<li>Aldo Shoes<\/li>\n<li>Boutique JACOB<\/li>\n<li>Entrep\u00f4t Auto Durocher<\/li>\n<li>Groupe ALDO<\/li>\n<li>Reitmans<\/li>\n<li>R\u00f4tisseries St-Hubert<\/li>\n<\/ul>\n<p>[\/vc_column_text][\/vc_tta_section][vc_tta_section title=&#8221;Others&#8221; tab_id=&#8221;1464708117890-1373c477-acf6&#8243;][vc_column_text]<\/p>\n<ul>\n<li>Forest Engineering Research Institute of Canada FERIC<\/li>\n<li>Institut en g\u00e9nie de l&#8217;\u00e9nergie \u00e9lectrique<\/li>\n<\/ul>\n<p>[\/vc_column_text][\/vc_tta_section][\/vc_tta_accordion][\/vc_column][\/vc_row][vc_row el_id=&#8221;testimonials&#8221;][vc_column][vc_empty_space height=&#8221;45px&#8221;][vc_column_text el_class=&#8221;intro&#8221;]<\/p>\n<h3 style=\"text-align: center;\">Testimonials<\/h3>\n<p>[\/vc_column_text][vc_row_inner][vc_column_inner el_class=&#8221;quote-bloc&#8221; width=&#8221;1\/2&#8243;][vc_column_text el_class=&#8221;client-quote&#8221;]&#8221;With great respect for who we are as individuals and as an organization, Jacinthe took us further. After our meetings (well planned, organized, directed and full of pleasant surprises), we were always proud, and sometimes even surprised by what we had accomplished during the coaching sessions.&#8221;[\/vc_column_text][vc_column_text el_class=&#8221;author&#8221;]Lynn Landry, former director of nursing at Sainte-Anne\u2019s Hospital<br \/>\nClient for more than 20 years[\/vc_column_text][\/vc_column_inner][vc_column_inner el_class=&#8221;quote-bloc&#8221; width=&#8221;1\/2&#8243;][vc_column_text el_class=&#8221;client-quote&#8221;]&#8221;Sonia is a professional, structured visionary and a good listener. She was able to coach us through this extremely important process of laying solid foundations in a constantly changing situation. From start to finish of our process, she was able to maintain focus and channel everyone\u2019s energies into finding winning solutions for a dynamic, high-performance ecosystem involving both in-person and virtual instruction. Sonia, it was a true pleasure to work with you. Your expertise and professionalism combined with your sparkling energy, made a huge contribution to our shared enterprise. Today we can say, \u2018Mission accomplished!\u2019 I\u2019m looking forward to working with you again.<em>&#8220;<\/em>[\/vc_column_text][vc_column_text el_class=&#8221;author&#8221;]Francis Roy, Director, Coll\u00e8ge Durocher St-Lambert[\/vc_column_text][\/vc_column_inner][\/vc_row_inner][vc_empty_space][vc_row_inner][vc_column_inner el_class=&#8221;quote-bloc&#8221; width=&#8221;1\/2&#8243;][vc_column_text el_class=&#8221;client-quote&#8221;]&#8221;Jacinthe is infinitely competent, committed, compassionate and amiable. She picked up on our company\u2019s cultural sensitivities and expertly guided the strategic planning exercise of our board of directors.<em>&#8220;<\/em>[\/vc_column_text][vc_column_text el_class=&#8221;author&#8221;]Christiane Scher, media sector VP and COO[\/vc_column_text][\/vc_column_inner][vc_column_inner el_class=&#8221;quote-bloc&#8221; width=&#8221;1\/2&#8243;][vc_column_text el_class=&#8221;client-quote&#8221;]&#8221;I have worked with Sonia in two different settings. If you need to challenge the status quo, realign your business model toward people, redesign your services and your processes in a time of digital consumption, I strongly recommend Sonia\u2019s process. She runs her workshops efficiently in order to draw out the maximum benefit from a team\u2019s creativity.<em>&#8220;<\/em>[\/vc_column_text][vc_column_text el_class=&#8221;author&#8221;]David Marotte, ex-President, FX Innovation[\/vc_column_text][\/vc_column_inner][\/vc_row_inner][vc_empty_space][vc_row_inner][vc_column_inner el_class=&#8221;quote-bloc&#8221; width=&#8221;1\/2&#8243;][vc_column_text el_class=&#8221;client-quote&#8221;]&#8221;Jacinthe asks all the right questions, makes us think and always offers solutions adapted to our situation.<em>&#8220;<\/em>[\/vc_column_text][vc_column_text el_class=&#8221;author&#8221;]Marie-Claude Marcoux,\u00a0Conseill\u00e8re projets RH, Hydro-Qu\u00e9bec[\/vc_column_text][\/vc_column_inner][vc_column_inner el_class=&#8221;quote-bloc&#8221; width=&#8221;1\/2&#8243;][vc_column_text el_class=&#8221;client-quote&#8221;]&#8221;We called on Sonia to assess our employees\u2019 user experience with our internal IT department. From identifying our needs to presenting the final results and recommendations, we were always guided through a clear, efficient process. A number of concrete recommendations have been applied to improve our service. We won\u2019t hesitate to call on her services to continue the process.<em>&#8220;<\/em>[\/vc_column_text][vc_column_text el_class=&#8221;author&#8221;]Patrice Baig, Director of Finance, Eidos-Montr\u00e9al[\/vc_column_text][\/vc_column_inner][\/vc_row_inner][vc_empty_space][vc_row_inner][vc_column_inner el_class=&#8221;quote-bloc&#8221; width=&#8221;1\/2&#8243;][vc_column_text el_class=&#8221;client-quote&#8221;]&#8221;I found working with Jacinthe to be a perfect combination of warmth (close to people) and discipline (focused on objectives). Jacinthe and her collaborators encourage us to get out of our comfort zones and explore the meaning that drives us and our sources of energy. She employs a highly structured approach and never loses sight of where we are going.&#8221;[\/vc_column_text][vc_column_text el_class=&#8221;author&#8221;]Lyne Harris, director of allocations and social analysis,\u00a0Centraide of Greater Montreal[\/vc_column_text][\/vc_column_inner][vc_column_inner el_class=&#8221;quote-bloc&#8221; width=&#8221;1\/2&#8243;][vc_column_text el_class=&#8221;client-quote&#8221;]&#8221;La Cit\u00e9 had the opportunity to conduct a webinar with Sonia Bergevin from FOUG Conseils on customer experience. It was one of the most attended webinars and we received nothing but positive words from the participants. It allowed us to enter her world and make the subject of customer experience accessible to all. The professionalism that came out of this presentation was undeniable.<em>&#8220;<\/em>[\/vc_column_text][vc_column_text el_class=&#8221;author&#8221;]La Cit\u00e9, le coll\u00e8ge d\u2019arts appliqu\u00e9s et de technologie[\/vc_column_text][\/vc_column_inner][\/vc_row_inner][vc_empty_space][\/vc_column][\/vc_row][vc_row full_width=&#8221;stretch_row_content_no_spaces&#8221;][vc_column]\r\n<div class=\"cta-row\" style=\"background-image: url(https:\/\/foug.ca\/wp-content\/uploads\/2016\/04\/cta-bg.jpg);\">\r\n    <div class=\"container\">\r\n        <h2>CONTACT FOUG NOW AND LET US HELP YOU GET THINGS MOVING!<\/h2>\r\n        <p><\/p>\r\n            <\/div>\r\n<\/div>\r\n[\/vc_column][\/vc_row]<\/p>\n<\/div>","protected":false},"excerpt":{"rendered":"<p>[vc_row][vc_column width=&#8221;1\/2&#8243;][vc_column_text el_class=&#8221;intro&#8221;] They placed their trust in us Here is a partial list of clients we have worked with over the last 30 years, presented by sector.[\/vc_column_text][\/vc_column][vc_column width=&#8221;1\/2&#8243;][\/vc_column][\/vc_row][vc_row][vc_column][vc_empty_space height=&#8221;45px&#8221;][\/vc_column][\/vc_row][vc_row el_id=&#8221;clients-list&#8221;][vc_column width=&#8221;1\/3&#8243;][vc_tta_accordion active_section=&#8221;99&#8243; collapsible_all=&#8221;true&#8221; el_class=&#8221;purple-acc&#8221;][vc_tta_section title=&#8221;Art and culture&#8221; tab_id=&#8221;1461954527709-99ea22d9-9072&#8243;][vc_column_text] Centre d\u2019excellence artistique de l\u2019Ontario Magn\u00e9to Th\u00e9\u00e2tre de la Vieille 17 Th\u00e9\u00e2tre fran\u00e7ais \u2013 National Art [&hellip;]<\/p>\n","protected":false},"author":1,"featured_media":0,"parent":0,"menu_order":0,"comment_status":"closed","ping_status":"closed","template":"","meta":{"_acf_changed":false,"footnotes":""},"class_list":["post-531","page","type-page","status-publish","hentry","cf"],"acf":[],"_links":{"self":[{"href":"https:\/\/foug.ca\/en\/wp-json\/wp\/v2\/pages\/531","targetHints":{"allow":["GET"]}}],"collection":[{"href":"https:\/\/foug.ca\/en\/wp-json\/wp\/v2\/pages"}],"about":[{"href":"https:\/\/foug.ca\/en\/wp-json\/wp\/v2\/types\/page"}],"author":[{"embeddable":true,"href":"https:\/\/foug.ca\/en\/wp-json\/wp\/v2\/users\/1"}],"replies":[{"embeddable":true,"href":"https:\/\/foug.ca\/en\/wp-json\/wp\/v2\/comments?post=531"}],"version-history":[{"count":1,"href":"https:\/\/foug.ca\/en\/wp-json\/wp\/v2\/pages\/531\/revisions"}],"predecessor-version":[{"id":1676,"href":"https:\/\/foug.ca\/en\/wp-json\/wp\/v2\/pages\/531\/revisions\/1676"}],"wp:attachment":[{"href":"https:\/\/foug.ca\/en\/wp-json\/wp\/v2\/media?parent=531"}],"curies":[{"name":"wp","href":"https:\/\/api.w.org\/{rel}","templated":true}]}}